{"id":116,"date":"2023-10-13T09:52:16","date_gmt":"2023-10-13T09:52:16","guid":{"rendered":"https:\/\/c-roads.erasmus.site\/?page_id=116"},"modified":"2024-07-20T15:18:06","modified_gmt":"2024-07-20T15:18:06","slug":"didactic-app-advocacy-learning-path","status":"publish","type":"page","link":"https:\/\/c-roads.erasmus.site\/es\/didactic-app-advocacy-learning-path\/","title":{"rendered":"Ruta de aprendizaje did\u00e1ctica APP y promoci\u00f3n del cambio clim\u00e1tico"},"content":{"rendered":"<p><strong>Ruta de aprendizaje en el proyecto C-ROADS ofrece un viaje transformador, equipando a personas, educadores y organizaciones con el conocimiento y las habilidades necesarias para defender la concienciaci\u00f3n sobre el cambio clim\u00e1tico y la justicia.<\/strong><\/p>\n<p style=\"text-align: center;\"><strong>Haz clic en el bot\u00f3n de abajo para unirte a la plataforma C-ROADS y empezar a influir en el cambio<\/strong><\/p>\n<p style=\"text-align: center;\"><a class=\"btn btn-primary\" role=\"button\" href=\"https:\/\/c-roads.erasmus.site\/platform\/home\" target=\"_blank\" rel=\"noopener\">Abrir<\/a><\/p>\n<p><strong>Grupo destinatario<\/strong><\/p>\n<ul>\n<li>Particulares<\/li>\n<li>Profesionales de la educaci\u00f3n de adultos<\/li>\n<li>Asociaciones locales y de la sociedad civil, ONG y otras organizaciones que trabajan en el aprendizaje informal y no formal<\/li>\n<\/ul>\n<p><strong>Estructura<\/strong><\/p>\n<p>El objetivo espec\u00edfico es crear una aplicaci\u00f3n de apoyo al cambio clim\u00e1tico con siete itinerarios de aprendizaje diferentes. Estos itinerarios tienen el doble prop\u00f3sito de evaluar las competencias existentes de los individuos en materia de cambio clim\u00e1tico y de evaluar su nivel de compromiso con la acci\u00f3n y la justicia clim\u00e1ticas a nivel local. La aplicaci\u00f3n pretende motivar a los individuos para que participen activamente a nivel local.<\/p>\n<p><strong>Temas de la ruta de aprendizaje<\/strong><\/p>\n<ul>\n<li>Cambio clim\u00e1tico y justicia<\/li>\n<li>Desarrollo de habilidades participativas e implicaci\u00f3n de la comunidad<\/li>\n<li>Cambio social y de comportamiento<\/li>\n<li>Estilos de vida y h\u00e1bitos de consumo sostenibles<\/li>\n<li>Salud humana y seguridad personal<\/li>\n<li>Vida urbana VS Vida rural<\/li>\n<li>Turismo sostenible<\/li>\n<\/ul>\n<p><\/p>","protected":false},"excerpt":{"rendered":"<p>Ruta de aprendizaje en el proyecto C-ROADS ofrece un viaje transformador, equipando a personas, educadores y organizaciones con el conocimiento y las habilidades necesarias para defender la concienciaci\u00f3n sobre el cambio clim\u00e1tico y la justicia. Haz clic en el bot\u00f3n de abajo para unirte a la plataforma C-ROADS y empezar a influir en el cambio&hellip;&nbsp;<a href=\"https:\/\/c-roads.erasmus.site\/es\/didactic-app-advocacy-learning-path\/\" rel=\"bookmark\">Leer m\u00e1s &raquo;<span class=\"screen-reader-text\">Ruta de aprendizaje did\u00e1ctica APP y promoci\u00f3n del cambio clim\u00e1tico<\/span><\/a><\/p>\n","protected":false},"author":1,"featured_media":0,"parent":0,"menu_order":0,"comment_status":"closed","ping_status":"closed","template":"","meta":{"neve_meta_sidebar":"","neve_meta_container":"","neve_meta_enable_content_width":"off","neve_meta_content_width":100,"neve_meta_title_alignment":"","neve_meta_author_avatar":"","neve_post_elements_order":"","neve_meta_disable_header":"","neve_meta_disable_footer":"","neve_meta_disable_title":"","footnotes":""},"class_list":["post-116","page","type-page","status-publish","hentry"],"_links":{"self":[{"href":"https:\/\/c-roads.erasmus.site\/es\/wp-json\/wp\/v2\/pages\/116","targetHints":{"allow":["GET"]}}],"collection":[{"href":"https:\/\/c-roads.erasmus.site\/es\/wp-json\/wp\/v2\/pages"}],"about":[{"href":"https:\/\/c-roads.erasmus.site\/es\/wp-json\/wp\/v2\/types\/page"}],"author":[{"embeddable":true,"href":"https:\/\/c-roads.erasmus.site\/es\/wp-json\/wp\/v2\/users\/1"}],"replies":[{"embeddable":true,"href":"https:\/\/c-roads.erasmus.site\/es\/wp-json\/wp\/v2\/comments?post=116"}],"version-history":[{"count":9,"href":"https:\/\/c-roads.erasmus.site\/es\/wp-json\/wp\/v2\/pages\/116\/revisions"}],"predecessor-version":[{"id":256,"href":"https:\/\/c-roads.erasmus.site\/es\/wp-json\/wp\/v2\/pages\/116\/revisions\/256"}],"wp:attachment":[{"href":"https:\/\/c-roads.erasmus.site\/es\/wp-json\/wp\/v2\/media?parent=116"}],"curies":[{"name":"wp","href":"https:\/\/api.w.org\/{rel}","templated":true}]}}