{"id":118,"date":"2023-10-13T09:52:46","date_gmt":"2023-10-13T09:52:46","guid":{"rendered":"https:\/\/c-roads.erasmus.site\/?page_id=118"},"modified":"2024-07-20T15:19:09","modified_gmt":"2024-07-20T15:19:09","slug":"didactic-escape-rooms","status":"publish","type":"page","link":"https:\/\/c-roads.erasmus.site\/es\/didactic-escape-rooms\/","title":{"rendered":"Escape Rooms did\u00e1cticos"},"content":{"rendered":"<p>Estos escape rooms pretenden ofrecer un contexto significativo para que las personas aborden diversos retos vitales relacionados con el cambio clim\u00e1tico y la justicia. Estos ejercicios de aprendizaje basados en juegos tambi\u00e9n incluyen habilidades cognitivas transversales (pensamiento cr\u00edtico, creatividad, colaboraci\u00f3n, comunicaci\u00f3n) y habilidades para la vida (resiliencia, liderazgo, iniciativa, productividad y habilidades sociales), con el objetivo de reforzar la participaci\u00f3n de la comunidad en cuestiones de acci\u00f3n clim\u00e1tica. Las salas de escape virtuales permiten a los participantes construir sus propios conocimientos bas\u00e1ndose en experiencias en tiempo real y refuerzan el cambio positivo de comportamiento.<\/p>\n<p style=\"text-align: center;\"><a class=\"btn btn-primary\" role=\"button\" href=\"https:\/\/c-roads.erasmus.site\/platform\/der\" target=\"_blank\" rel=\"noopener\">Abrir<\/a><\/p>\n<p><\/p>","protected":false},"excerpt":{"rendered":"<p>Estos escape rooms pretenden ofrecer un contexto significativo para que las personas aborden diversos retos vitales relacionados con el cambio clim\u00e1tico y la justicia. Estos ejercicios de aprendizaje basados en juegos tambi\u00e9n incluyen habilidades cognitivas transversales (pensamiento cr\u00edtico, creatividad, colaboraci\u00f3n, comunicaci\u00f3n) y habilidades para la vida (resiliencia, liderazgo, iniciativa, productividad y habilidades sociales), con el&hellip;&nbsp;<a href=\"https:\/\/c-roads.erasmus.site\/es\/didactic-escape-rooms\/\" rel=\"bookmark\">Leer m\u00e1s &raquo;<span class=\"screen-reader-text\">Escape Rooms did\u00e1cticos<\/span><\/a><\/p>\n","protected":false},"author":1,"featured_media":0,"parent":0,"menu_order":0,"comment_status":"closed","ping_status":"closed","template":"","meta":{"neve_meta_sidebar":"","neve_meta_container":"","neve_meta_enable_content_width":"off","neve_meta_content_width":100,"neve_meta_title_alignment":"","neve_meta_author_avatar":"","neve_post_elements_order":"","neve_meta_disable_header":"","neve_meta_disable_footer":"","neve_meta_disable_title":"","footnotes":""},"class_list":["post-118","page","type-page","status-publish","hentry"],"_links":{"self":[{"href":"https:\/\/c-roads.erasmus.site\/es\/wp-json\/wp\/v2\/pages\/118","targetHints":{"allow":["GET"]}}],"collection":[{"href":"https:\/\/c-roads.erasmus.site\/es\/wp-json\/wp\/v2\/pages"}],"about":[{"href":"https:\/\/c-roads.erasmus.site\/es\/wp-json\/wp\/v2\/types\/page"}],"author":[{"embeddable":true,"href":"https:\/\/c-roads.erasmus.site\/es\/wp-json\/wp\/v2\/users\/1"}],"replies":[{"embeddable":true,"href":"https:\/\/c-roads.erasmus.site\/es\/wp-json\/wp\/v2\/comments?post=118"}],"version-history":[{"count":7,"href":"https:\/\/c-roads.erasmus.site\/es\/wp-json\/wp\/v2\/pages\/118\/revisions"}],"predecessor-version":[{"id":258,"href":"https:\/\/c-roads.erasmus.site\/es\/wp-json\/wp\/v2\/pages\/118\/revisions\/258"}],"wp:attachment":[{"href":"https:\/\/c-roads.erasmus.site\/es\/wp-json\/wp\/v2\/media?parent=118"}],"curies":[{"name":"wp","href":"https:\/\/api.w.org\/{rel}","templated":true}]}}