{"id":120,"date":"2023-10-13T09:53:10","date_gmt":"2023-10-13T09:53:10","guid":{"rendered":"https:\/\/c-roads.erasmus.site\/?page_id=120"},"modified":"2024-09-13T09:36:42","modified_gmt":"2024-09-13T09:36:42","slug":"thematic-photovoice-hands-on-guide-for-educators","status":"publish","type":"page","link":"https:\/\/c-roads.erasmus.site\/es\/thematic-photovoice-hands-on-guide-for-educators\/","title":{"rendered":"Fotovoz tem\u00e1tica (photovoice) y gu\u00eda pr\u00e1ctica para educadores"},"content":{"rendered":"<p>Como resultado, mejorar\u00e1 tu conocimiento de la metodolog\u00eda photovoice. La gu\u00eda pr\u00e1ctica para educadores de adultos elaborada tiene por objeto aumentar las aptitudes participativas de las personas para que puedan abordar mejor las cuestiones relacionadas con la defensa del cambio clim\u00e1tico a nivel local.<\/p>\n<p style=\"text-align: center;\"><a class=\"btn btn-primary\" role=\"button\" href=\"https:\/\/c-roads.erasmus.site\/platform\/photovoice\" target=\"_blank\" rel=\"noopener\">Abrir<\/a><\/p>\n<p><\/p>","protected":false},"excerpt":{"rendered":"<p>Como resultado, mejorar\u00e1 tu conocimiento de la metodolog\u00eda photovoice. La gu\u00eda pr\u00e1ctica para educadores de adultos elaborada tiene por objeto aumentar las aptitudes participativas de las personas para que puedan abordar mejor las cuestiones relacionadas con la defensa del cambio clim\u00e1tico a nivel local. Abrir<\/p>\n","protected":false},"author":1,"featured_media":0,"parent":0,"menu_order":0,"comment_status":"closed","ping_status":"closed","template":"","meta":{"neve_meta_sidebar":"","neve_meta_container":"","neve_meta_enable_content_width":"off","neve_meta_content_width":100,"neve_meta_title_alignment":"","neve_meta_author_avatar":"","neve_post_elements_order":"","neve_meta_disable_header":"","neve_meta_disable_footer":"","neve_meta_disable_title":"","footnotes":""},"class_list":["post-120","page","type-page","status-publish","hentry"],"_links":{"self":[{"href":"https:\/\/c-roads.erasmus.site\/es\/wp-json\/wp\/v2\/pages\/120","targetHints":{"allow":["GET"]}}],"collection":[{"href":"https:\/\/c-roads.erasmus.site\/es\/wp-json\/wp\/v2\/pages"}],"about":[{"href":"https:\/\/c-roads.erasmus.site\/es\/wp-json\/wp\/v2\/types\/page"}],"author":[{"embeddable":true,"href":"https:\/\/c-roads.erasmus.site\/es\/wp-json\/wp\/v2\/users\/1"}],"replies":[{"embeddable":true,"href":"https:\/\/c-roads.erasmus.site\/es\/wp-json\/wp\/v2\/comments?post=120"}],"version-history":[{"count":6,"href":"https:\/\/c-roads.erasmus.site\/es\/wp-json\/wp\/v2\/pages\/120\/revisions"}],"predecessor-version":[{"id":272,"href":"https:\/\/c-roads.erasmus.site\/es\/wp-json\/wp\/v2\/pages\/120\/revisions\/272"}],"wp:attachment":[{"href":"https:\/\/c-roads.erasmus.site\/es\/wp-json\/wp\/v2\/media?parent=120"}],"curies":[{"name":"wp","href":"https:\/\/api.w.org\/{rel}","templated":true}]}}