{"id":116,"date":"2023-10-13T09:52:16","date_gmt":"2023-10-13T09:52:16","guid":{"rendered":"https:\/\/c-roads.erasmus.site\/?page_id=116"},"modified":"2024-07-20T15:18:06","modified_gmt":"2024-07-20T15:18:06","slug":"didactic-app-advocacy-learning-path","status":"publish","type":"page","link":"https:\/\/c-roads.erasmus.site\/fr\/didactic-app-advocacy-learning-path\/","title":{"rendered":"APP Didactique et parcours d&rsquo;apprentissage en mati\u00e8re de plaidoyer"},"content":{"rendered":"<p><strong>Le parcours d&rsquo;apprentissage du projet C-ROADS propose un voyage transformateur, \u00e9quipant les individus, les \u00e9ducateurs et les organisations des connaissances et des comp\u00e9tences n\u00e9cessaires pour promouvoir la sensibilisation et la justice en mati\u00e8re de changement climatique.<\/strong><\/p>\n<p style=\"text-align: center;\"><strong>Cliquez sur le bouton ci-dessous pour rejoindre la plateforme C-ROADS et commencer \u00e0 influencer le changement.<\/strong><\/p>\n<p style=\"text-align: center;\"><a class=\"btn btn-primary\" role=\"button\" href=\"https:\/\/c-roads.erasmus.site\/platform\/home\" target=\"_blank\" rel=\"noopener\">Ouvrir<\/a><\/p>\n<p><strong>Groupe cible<\/strong><\/p>\n<ul>\n<li>Particuliers<\/li>\n<li>Professionnels travaillant dans le domaine de l&rsquo;\u00e9ducation des adultes<\/li>\n<li>Associations locales et de la soci\u00e9t\u00e9 civile, ONG et autres organisations travaillant dans le domaine de l&rsquo;apprentissage informel et non formel<\/li>\n<\/ul>\n<p><strong>Structure<\/strong><\/p>\n<p>L&rsquo;objectif sp\u00e9cifique est de cr\u00e9er une application de soutien au changement climatique avec sept parcours d&rsquo;apprentissage diff\u00e9rents. Ces parcours ont pour double objectif d&rsquo;\u00e9valuer les comp\u00e9tences existantes des individus en mati\u00e8re de changement climatique et d&rsquo;\u00e9valuer leur niveau d&rsquo;engagement dans l&rsquo;action et la justice climatiques locales. L&rsquo;application vise \u00e0 motiver les individus \u00e0 participer activement au niveau local.<\/p>\n<p><strong>Th\u00e8mes des parcours d&rsquo;apprentissage<\/strong><\/p>\n<ul>\n<li>Changement climatique et justice<\/li>\n<li>Renforcement des comp\u00e9tences participatives et implication de la communaut\u00e9<\/li>\n<li>Changement social et comportemental<\/li>\n<li>Modes de vie durables et habitudes de consommation<\/li>\n<li>Sant\u00e9 humaine et s\u00e9curit\u00e9 personnelle<\/li>\n<li>Vie urbaine VS vie rurale<\/li>\n<li>Tourisme durable<\/li>\n<\/ul>\n<p><\/p>","protected":false},"excerpt":{"rendered":"<p>Le parcours d&rsquo;apprentissage du projet C-ROADS propose un voyage transformateur, \u00e9quipant les individus, les \u00e9ducateurs et les organisations des connaissances et des comp\u00e9tences n\u00e9cessaires pour promouvoir la sensibilisation et la justice en mati\u00e8re de changement climatique. Cliquez sur le bouton ci-dessous pour rejoindre la plateforme C-ROADS et commencer \u00e0 influencer le changement. Ouvrir Groupe cible&hellip;&nbsp;<a href=\"https:\/\/c-roads.erasmus.site\/fr\/didactic-app-advocacy-learning-path\/\" rel=\"bookmark\">Lire la suite &raquo;<span class=\"screen-reader-text\">APP Didactique et parcours d&rsquo;apprentissage en mati\u00e8re de plaidoyer<\/span><\/a><\/p>\n","protected":false},"author":1,"featured_media":0,"parent":0,"menu_order":0,"comment_status":"closed","ping_status":"closed","template":"","meta":{"neve_meta_sidebar":"","neve_meta_container":"","neve_meta_enable_content_width":"off","neve_meta_content_width":100,"neve_meta_title_alignment":"","neve_meta_author_avatar":"","neve_post_elements_order":"","neve_meta_disable_header":"","neve_meta_disable_footer":"","neve_meta_disable_title":"","footnotes":""},"class_list":["post-116","page","type-page","status-publish","hentry"],"_links":{"self":[{"href":"https:\/\/c-roads.erasmus.site\/fr\/wp-json\/wp\/v2\/pages\/116","targetHints":{"allow":["GET"]}}],"collection":[{"href":"https:\/\/c-roads.erasmus.site\/fr\/wp-json\/wp\/v2\/pages"}],"about":[{"href":"https:\/\/c-roads.erasmus.site\/fr\/wp-json\/wp\/v2\/types\/page"}],"author":[{"embeddable":true,"href":"https:\/\/c-roads.erasmus.site\/fr\/wp-json\/wp\/v2\/users\/1"}],"replies":[{"embeddable":true,"href":"https:\/\/c-roads.erasmus.site\/fr\/wp-json\/wp\/v2\/comments?post=116"}],"version-history":[{"count":9,"href":"https:\/\/c-roads.erasmus.site\/fr\/wp-json\/wp\/v2\/pages\/116\/revisions"}],"predecessor-version":[{"id":256,"href":"https:\/\/c-roads.erasmus.site\/fr\/wp-json\/wp\/v2\/pages\/116\/revisions\/256"}],"wp:attachment":[{"href":"https:\/\/c-roads.erasmus.site\/fr\/wp-json\/wp\/v2\/media?parent=116"}],"curies":[{"name":"wp","href":"https:\/\/api.w.org\/{rel}","templated":true}]}}