{"id":116,"date":"2023-10-13T09:52:16","date_gmt":"2023-10-13T09:52:16","guid":{"rendered":"https:\/\/c-roads.erasmus.site\/?page_id=116"},"modified":"2024-07-20T15:18:06","modified_gmt":"2024-07-20T15:18:06","slug":"didactic-app-advocacy-learning-path","status":"publish","type":"page","link":"https:\/\/c-roads.erasmus.site\/pl\/didactic-app-advocacy-learning-path\/","title":{"rendered":"\u015acie\u017cka dydaktyczna APP i rzecznictwo"},"content":{"rendered":"<p><strong>\u015acie\u017cka edukacyjna w projekcie C-ROADS oferuje transformacyjn\u0105 podr\u00f3\u017c, wyposa\u017caj\u0105c osoby, edukator\u00f3w i organizacje w wiedz\u0119 i umiej\u0119tno\u015bci potrzebne do promowania \u015bwiadomo\u015bci i sprawiedliwo\u015bci w zakresie zmian klimatu.<\/strong><\/p>\n<p style=\"text-align: center;\"><strong>Kliknij poni\u017cszy przycisk, aby do\u0142\u0105czy\u0107 do platformy C-ROADS i zacz\u0105\u0107 wp\u0142ywa\u0107 na zmiany.<\/strong><\/p>\n<p style=\"text-align: center;\"><a class=\"btn btn-primary\" role=\"button\" href=\"https:\/\/c-roads.erasmus.site\/platform\/home\" target=\"_blank\" rel=\"noopener\">Otw\u00f3rz<\/a><\/p>\n<p><strong>Grupa docelowa<\/strong><\/p>\n<ul>\n<li>Osoby indywidualne<\/li>\n<li>Specjali\u015bci pracuj\u0105cy w edukacji doros\u0142ych<\/li>\n<li>Stowarzyszenia lokalne i spo\u0142ecze\u0144stwa obywatelskiego, organizacje pozarz\u0105dowe i inne organizacje zajmuj\u0105ce si\u0119 kszta\u0142ceniem nieformalnym i pozaformalnym<\/li>\n<\/ul>\n<p><strong>Struktura<\/strong><\/p>\n<p>Celem szczeg\u00f3\u0142owym jest stworzenie aplikacji (platformy) wsparcia w zakresie zmian klimatycznych z siedmioma r\u00f3\u017cnymi \u015bcie\u017ckami edukacyjnymi. \u015acie\u017cki te s\u0142u\u017c\u0105 podw\u00f3jnemu celowi: ocenie istniej\u0105cych kompetencji poszczeg\u00f3lnych os\u00f3b w zakresie zmian klimatu oraz ocenie ich poziomu zaanga\u017cowania w lokalne dzia\u0142ania na rzecz klimatu i sprawiedliwo\u015bci. Aplikacja ma na celu zmotywowanie os\u00f3b do aktywnego uczestnictwa na poziomie lokalnym.<\/p>\n<p><strong>Tematy \u015bcie\u017cki edukacyjnej<\/strong><\/p>\n<ul>\n<li>Zmiana klimatu i sprawiedliwo\u015b\u0107<\/li>\n<li>Budowanie umiej\u0119tno\u015bci partycypacyjnych<\/li>\n<li>i zaanga\u017cowanie spo\u0142eczno\u015bci<\/li>\n<li>Zmiana spo\u0142eczna i behawioralna<\/li>\n<li>Zr\u00f3wnowa\u017cony styl \u017cycia i nawyki konsumpcyjne<\/li>\n<li>Zdrowie ludzi i bezpiecze\u0144stwo osobiste<\/li>\n<li>\u017bycie w mie\u015bcie a \u017cycie na wsi<\/li>\n<li>Zr\u00f3wnowa\u017cona turystyka<\/li>\n<\/ul>\n<p><\/p>","protected":false},"excerpt":{"rendered":"<p>\u015acie\u017cka edukacyjna w projekcie C-ROADS oferuje transformacyjn\u0105 podr\u00f3\u017c, wyposa\u017caj\u0105c osoby, edukator\u00f3w i organizacje w wiedz\u0119 i umiej\u0119tno\u015bci potrzebne do promowania \u015bwiadomo\u015bci i sprawiedliwo\u015bci w zakresie zmian klimatu. Kliknij poni\u017cszy przycisk, aby do\u0142\u0105czy\u0107 do platformy C-ROADS i zacz\u0105\u0107 wp\u0142ywa\u0107 na zmiany. Otw\u00f3rz Grupa docelowa Osoby indywidualne Specjali\u015bci pracuj\u0105cy w edukacji doros\u0142ych Stowarzyszenia lokalne i spo\u0142ecze\u0144stwa obywatelskiego,&hellip;&nbsp;<a href=\"https:\/\/c-roads.erasmus.site\/pl\/didactic-app-advocacy-learning-path\/\" rel=\"bookmark\">Dowiedz si\u0119 wi\u0119cej &raquo;<span class=\"screen-reader-text\">\u015acie\u017cka dydaktyczna APP i rzecznictwo<\/span><\/a><\/p>\n","protected":false},"author":1,"featured_media":0,"parent":0,"menu_order":0,"comment_status":"closed","ping_status":"closed","template":"","meta":{"neve_meta_sidebar":"","neve_meta_container":"","neve_meta_enable_content_width":"off","neve_meta_content_width":100,"neve_meta_title_alignment":"","neve_meta_author_avatar":"","neve_post_elements_order":"","neve_meta_disable_header":"","neve_meta_disable_footer":"","neve_meta_disable_title":"","footnotes":""},"class_list":["post-116","page","type-page","status-publish","hentry"],"_links":{"self":[{"href":"https:\/\/c-roads.erasmus.site\/pl\/wp-json\/wp\/v2\/pages\/116","targetHints":{"allow":["GET"]}}],"collection":[{"href":"https:\/\/c-roads.erasmus.site\/pl\/wp-json\/wp\/v2\/pages"}],"about":[{"href":"https:\/\/c-roads.erasmus.site\/pl\/wp-json\/wp\/v2\/types\/page"}],"author":[{"embeddable":true,"href":"https:\/\/c-roads.erasmus.site\/pl\/wp-json\/wp\/v2\/users\/1"}],"replies":[{"embeddable":true,"href":"https:\/\/c-roads.erasmus.site\/pl\/wp-json\/wp\/v2\/comments?post=116"}],"version-history":[{"count":9,"href":"https:\/\/c-roads.erasmus.site\/pl\/wp-json\/wp\/v2\/pages\/116\/revisions"}],"predecessor-version":[{"id":256,"href":"https:\/\/c-roads.erasmus.site\/pl\/wp-json\/wp\/v2\/pages\/116\/revisions\/256"}],"wp:attachment":[{"href":"https:\/\/c-roads.erasmus.site\/pl\/wp-json\/wp\/v2\/media?parent=116"}],"curies":[{"name":"wp","href":"https:\/\/api.w.org\/{rel}","templated":true}]}}