{"id":118,"date":"2023-10-13T09:52:46","date_gmt":"2023-10-13T09:52:46","guid":{"rendered":"https:\/\/c-roads.erasmus.site\/?page_id=118"},"modified":"2024-07-20T15:19:09","modified_gmt":"2024-07-20T15:19:09","slug":"didactic-escape-rooms","status":"publish","type":"page","link":"https:\/\/c-roads.erasmus.site\/pl\/didactic-escape-rooms\/","title":{"rendered":"Dydaktyczne pokoje zagadek"},"content":{"rendered":"<p>Te pokoje zagadek maj\u0105 na celu zapewnienie znacz\u0105cego kontekstu dla os\u00f3b, kt\u00f3re chc\u0105 stawi\u0107 czo\u0142a r\u00f3\u017cnym wyzwaniom \u017cyciowym zwi\u0105zanym ze zmianami klimatu i sprawiedliwo\u015bci\u0105. Te oparte na grach \u0107wiczenia edukacyjne obejmuj\u0105 r\u00f3wnie\u017c przekrojowe umiej\u0119tno\u015bci poznawcze (krytyczne my\u015blenie, kreatywno\u015b\u0107, wsp\u00f3\u0142prac\u0119, komunikacj\u0119) i umiej\u0119tno\u015bci \u017cyciowe (odporno\u015b\u0107, przyw\u00f3dztwo, inicjatyw\u0119, produktywno\u015b\u0107 i umiej\u0119tno\u015bci spo\u0142eczne), w celu wzmocnienia udzia\u0142u spo\u0142eczno\u015bci w kwestiach zwi\u0105zanych z dzia\u0142aniami na rzecz klimatu. Wirtualne pokoje zagadek pozwalaj\u0105 uczestnikom budowa\u0107 w\u0142asn\u0105 wiedz\u0119 w oparciu o do\u015bwiadczenia w czasie rzeczywistym i wzmacnia\u0107 pozytywne zmiany zachowa\u0144.<\/p>\n<p style=\"text-align: center;\"><a class=\"btn btn-primary\" role=\"button\" href=\"https:\/\/c-roads.erasmus.site\/platform\/der\" target=\"_blank\" rel=\"noopener\">Otw\u00f3rz<\/a><\/p>\n<p><\/p>","protected":false},"excerpt":{"rendered":"<p>Te pokoje zagadek maj\u0105 na celu zapewnienie znacz\u0105cego kontekstu dla os\u00f3b, kt\u00f3re chc\u0105 stawi\u0107 czo\u0142a r\u00f3\u017cnym wyzwaniom \u017cyciowym zwi\u0105zanym ze zmianami klimatu i sprawiedliwo\u015bci\u0105. Te oparte na grach \u0107wiczenia edukacyjne obejmuj\u0105 r\u00f3wnie\u017c przekrojowe umiej\u0119tno\u015bci poznawcze (krytyczne my\u015blenie, kreatywno\u015b\u0107, wsp\u00f3\u0142prac\u0119, komunikacj\u0119) i umiej\u0119tno\u015bci \u017cyciowe (odporno\u015b\u0107, przyw\u00f3dztwo, inicjatyw\u0119, produktywno\u015b\u0107 i umiej\u0119tno\u015bci spo\u0142eczne), w celu wzmocnienia udzia\u0142u spo\u0142eczno\u015bci&hellip;&nbsp;<a href=\"https:\/\/c-roads.erasmus.site\/pl\/didactic-escape-rooms\/\" rel=\"bookmark\">Dowiedz si\u0119 wi\u0119cej &raquo;<span class=\"screen-reader-text\">Dydaktyczne pokoje zagadek<\/span><\/a><\/p>\n","protected":false},"author":1,"featured_media":0,"parent":0,"menu_order":0,"comment_status":"closed","ping_status":"closed","template":"","meta":{"neve_meta_sidebar":"","neve_meta_container":"","neve_meta_enable_content_width":"off","neve_meta_content_width":100,"neve_meta_title_alignment":"","neve_meta_author_avatar":"","neve_post_elements_order":"","neve_meta_disable_header":"","neve_meta_disable_footer":"","neve_meta_disable_title":"","footnotes":""},"class_list":["post-118","page","type-page","status-publish","hentry"],"_links":{"self":[{"href":"https:\/\/c-roads.erasmus.site\/pl\/wp-json\/wp\/v2\/pages\/118","targetHints":{"allow":["GET"]}}],"collection":[{"href":"https:\/\/c-roads.erasmus.site\/pl\/wp-json\/wp\/v2\/pages"}],"about":[{"href":"https:\/\/c-roads.erasmus.site\/pl\/wp-json\/wp\/v2\/types\/page"}],"author":[{"embeddable":true,"href":"https:\/\/c-roads.erasmus.site\/pl\/wp-json\/wp\/v2\/users\/1"}],"replies":[{"embeddable":true,"href":"https:\/\/c-roads.erasmus.site\/pl\/wp-json\/wp\/v2\/comments?post=118"}],"version-history":[{"count":7,"href":"https:\/\/c-roads.erasmus.site\/pl\/wp-json\/wp\/v2\/pages\/118\/revisions"}],"predecessor-version":[{"id":258,"href":"https:\/\/c-roads.erasmus.site\/pl\/wp-json\/wp\/v2\/pages\/118\/revisions\/258"}],"wp:attachment":[{"href":"https:\/\/c-roads.erasmus.site\/pl\/wp-json\/wp\/v2\/media?parent=118"}],"curies":[{"name":"wp","href":"https:\/\/api.w.org\/{rel}","templated":true}]}}