{"id":116,"date":"2023-10-13T09:52:16","date_gmt":"2023-10-13T09:52:16","guid":{"rendered":"https:\/\/c-roads.erasmus.site\/?page_id=116"},"modified":"2024-07-20T15:18:06","modified_gmt":"2024-07-20T15:18:06","slug":"didactic-app-advocacy-learning-path","status":"publish","type":"page","link":"https:\/\/c-roads.erasmus.site\/pt\/didactic-app-advocacy-learning-path\/","title":{"rendered":"APP Did\u00e1tica &#038; Percurso de aprendizagem de Advocacia"},"content":{"rendered":"<p><strong>O Caminho de Aprendizagem no projeto C-ROADS oferece uma viagem transformadora, dando aos indiv\u00edduos, educadores e organiza\u00e7\u00f5es\u00a0 os conhecimentos e compet\u00eancias necess\u00e1rios para defender a sensibiliza\u00e7\u00e3o para as altera\u00e7\u00f5es e justi\u00e7a clim\u00e1tica.<\/strong><\/p>\n<p style=\"text-align: center;\"><strong>Clique no bot\u00e3o abaixo para aderir \u00e0 plataforma C-ROADS e come\u00e7ar a fazer parte da mudan\u00e7a<\/strong><\/p>\n<p style=\"text-align: center;\"><a class=\"btn btn-primary\" role=\"button\" href=\"https:\/\/c-roads.erasmus.site\/platform\/home\" target=\"_blank\" rel=\"noopener\">ABRIR<\/a><\/p>\n<p><strong>Grupo-alvo<\/strong><\/p>\n<ul>\n<li>Indiv\u00edduos<\/li>\n<li>Profissionais que trabalham na area da educa\u00e7\u00e3o para os adultos<\/li>\n<li>Associa\u00e7\u00f5es locais e da sociedade civil, ONG e outras organiza\u00e7\u00f5es que trabalham no dom\u00ednio da aprendizagem informal e n\u00e3o formal<\/li>\n<\/ul>\n<p><strong>Estrutura<\/strong><\/p>\n<p>O objetivo espec\u00edfico \u00e9 criar uma aplica\u00e7\u00e3o de apoio \u00e0s altera\u00e7\u00f5es clim\u00e1ticas com sete percursos de aprendizagem diferentes. Estes percursos servem o duplo objetivo de avaliar as compet\u00eancias existentes dos indiv\u00edduos em mat\u00e9ria de altera\u00e7\u00f5es clim\u00e1ticas e de avaliar o seu n\u00edvel de envolvimento na a\u00e7\u00e3o e justi\u00e7a clim\u00e1ticas local. A aplica\u00e7\u00e3o visa motivar os indiv\u00edduos a participarem ativamente a n\u00edvel local.<\/p>\n<p><strong>T\u00f3picos do percurso de aprendizagem<\/strong><\/p>\n<ul>\n<li>Altera\u00e7\u00f5es clim\u00e1ticas e justi\u00e7a<\/li>\n<li>Desenvolvimento de compet\u00eancias participativas e envolvimento da comunidade<\/li>\n<li>Mudan\u00e7a social e comportamental<\/li>\n<li>Estilos de vida e h\u00e1bitos de consumo sustent\u00e1veis<\/li>\n<li>Sa\u00fade humana e seguran\u00e7a pessoal<\/li>\n<li>Vida urbana VS Vida rural<\/li>\n<li>Turismo sustent\u00e1vel<\/li>\n<\/ul>\n<p><\/p>","protected":false},"excerpt":{"rendered":"<p>O Caminho de Aprendizagem no projeto C-ROADS oferece uma viagem transformadora, dando aos indiv\u00edduos, educadores e organiza\u00e7\u00f5es\u00a0 os conhecimentos e compet\u00eancias necess\u00e1rios para defender a sensibiliza\u00e7\u00e3o para as altera\u00e7\u00f5es e justi\u00e7a clim\u00e1tica. Clique no bot\u00e3o abaixo para aderir \u00e0 plataforma C-ROADS e come\u00e7ar a fazer parte da mudan\u00e7a ABRIR Grupo-alvo Indiv\u00edduos Profissionais que trabalham na&hellip;&nbsp;<a href=\"https:\/\/c-roads.erasmus.site\/pt\/didactic-app-advocacy-learning-path\/\" rel=\"bookmark\">Ler mais &raquo;<span class=\"screen-reader-text\">APP Did\u00e1tica &#038; Percurso de aprendizagem de Advocacia<\/span><\/a><\/p>\n","protected":false},"author":1,"featured_media":0,"parent":0,"menu_order":0,"comment_status":"closed","ping_status":"closed","template":"","meta":{"neve_meta_sidebar":"","neve_meta_container":"","neve_meta_enable_content_width":"off","neve_meta_content_width":100,"neve_meta_title_alignment":"","neve_meta_author_avatar":"","neve_post_elements_order":"","neve_meta_disable_header":"","neve_meta_disable_footer":"","neve_meta_disable_title":"","footnotes":""},"class_list":["post-116","page","type-page","status-publish","hentry"],"_links":{"self":[{"href":"https:\/\/c-roads.erasmus.site\/pt\/wp-json\/wp\/v2\/pages\/116","targetHints":{"allow":["GET"]}}],"collection":[{"href":"https:\/\/c-roads.erasmus.site\/pt\/wp-json\/wp\/v2\/pages"}],"about":[{"href":"https:\/\/c-roads.erasmus.site\/pt\/wp-json\/wp\/v2\/types\/page"}],"author":[{"embeddable":true,"href":"https:\/\/c-roads.erasmus.site\/pt\/wp-json\/wp\/v2\/users\/1"}],"replies":[{"embeddable":true,"href":"https:\/\/c-roads.erasmus.site\/pt\/wp-json\/wp\/v2\/comments?post=116"}],"version-history":[{"count":9,"href":"https:\/\/c-roads.erasmus.site\/pt\/wp-json\/wp\/v2\/pages\/116\/revisions"}],"predecessor-version":[{"id":256,"href":"https:\/\/c-roads.erasmus.site\/pt\/wp-json\/wp\/v2\/pages\/116\/revisions\/256"}],"wp:attachment":[{"href":"https:\/\/c-roads.erasmus.site\/pt\/wp-json\/wp\/v2\/media?parent=116"}],"curies":[{"name":"wp","href":"https:\/\/api.w.org\/{rel}","templated":true}]}}