{"id":118,"date":"2023-10-13T09:52:46","date_gmt":"2023-10-13T09:52:46","guid":{"rendered":"https:\/\/c-roads.erasmus.site\/?page_id=118"},"modified":"2024-07-20T15:19:09","modified_gmt":"2024-07-20T15:19:09","slug":"didactic-escape-rooms","status":"publish","type":"page","link":"https:\/\/c-roads.erasmus.site\/pt\/didactic-escape-rooms\/","title":{"rendered":"Salas de fuga did\u00e1ticas"},"content":{"rendered":"<p>Estas salas de fuga t\u00eam como objetivo proporcionar um contexto significativo para os indiv\u00edduos abordarem v\u00e1rios desafios de vida relacionados com as altera\u00e7\u00f5es clim\u00e1ticas e a justi\u00e7a. Estes exerc\u00edcios de aprendizagem baseados em jogos incluem tamb\u00e9m compet\u00eancias cognitivas transversais (pensamento cr\u00edtico, criatividade, colabora\u00e7\u00e3o, comunica\u00e7\u00e3o) e compet\u00eancias para a vida (resili\u00eancia, lideran\u00e7a, iniciativa, produtividade e compet\u00eancias sociais), com o objetivo de refor\u00e7ar a participa\u00e7\u00e3o da comunidade nas quest\u00f5es relacionadas com a a\u00e7\u00e3o clim\u00e1tica. As salas de fuga virtuais permitem que os participantes construam os seus pr\u00f3prios conhecimentos com base em experi\u00eancias em tempo real e reforcem mudan\u00e7as comportamentais positivas.<\/p>\n<p style=\"text-align: center;\"><a class=\"btn btn-primary\" role=\"button\" href=\"https:\/\/c-roads.erasmus.site\/platform\/der\" target=\"_blank\" rel=\"noopener\">Abrir<\/a><\/p>\n<p><\/p>","protected":false},"excerpt":{"rendered":"<p>Estas salas de fuga t\u00eam como objetivo proporcionar um contexto significativo para os indiv\u00edduos abordarem v\u00e1rios desafios de vida relacionados com as altera\u00e7\u00f5es clim\u00e1ticas e a justi\u00e7a. Estes exerc\u00edcios de aprendizagem baseados em jogos incluem tamb\u00e9m compet\u00eancias cognitivas transversais (pensamento cr\u00edtico, criatividade, colabora\u00e7\u00e3o, comunica\u00e7\u00e3o) e compet\u00eancias para a vida (resili\u00eancia, lideran\u00e7a, iniciativa, produtividade e compet\u00eancias&hellip;&nbsp;<a href=\"https:\/\/c-roads.erasmus.site\/pt\/didactic-escape-rooms\/\" rel=\"bookmark\">Ler mais &raquo;<span class=\"screen-reader-text\">Salas de fuga did\u00e1ticas<\/span><\/a><\/p>\n","protected":false},"author":1,"featured_media":0,"parent":0,"menu_order":0,"comment_status":"closed","ping_status":"closed","template":"","meta":{"neve_meta_sidebar":"","neve_meta_container":"","neve_meta_enable_content_width":"off","neve_meta_content_width":100,"neve_meta_title_alignment":"","neve_meta_author_avatar":"","neve_post_elements_order":"","neve_meta_disable_header":"","neve_meta_disable_footer":"","neve_meta_disable_title":"","footnotes":""},"class_list":["post-118","page","type-page","status-publish","hentry"],"_links":{"self":[{"href":"https:\/\/c-roads.erasmus.site\/pt\/wp-json\/wp\/v2\/pages\/118","targetHints":{"allow":["GET"]}}],"collection":[{"href":"https:\/\/c-roads.erasmus.site\/pt\/wp-json\/wp\/v2\/pages"}],"about":[{"href":"https:\/\/c-roads.erasmus.site\/pt\/wp-json\/wp\/v2\/types\/page"}],"author":[{"embeddable":true,"href":"https:\/\/c-roads.erasmus.site\/pt\/wp-json\/wp\/v2\/users\/1"}],"replies":[{"embeddable":true,"href":"https:\/\/c-roads.erasmus.site\/pt\/wp-json\/wp\/v2\/comments?post=118"}],"version-history":[{"count":7,"href":"https:\/\/c-roads.erasmus.site\/pt\/wp-json\/wp\/v2\/pages\/118\/revisions"}],"predecessor-version":[{"id":258,"href":"https:\/\/c-roads.erasmus.site\/pt\/wp-json\/wp\/v2\/pages\/118\/revisions\/258"}],"wp:attachment":[{"href":"https:\/\/c-roads.erasmus.site\/pt\/wp-json\/wp\/v2\/media?parent=118"}],"curies":[{"name":"wp","href":"https:\/\/api.w.org\/{rel}","templated":true}]}}