{"id":116,"date":"2023-10-13T09:52:16","date_gmt":"2023-10-13T09:52:16","guid":{"rendered":"https:\/\/c-roads.erasmus.site\/?page_id=116"},"modified":"2024-07-20T15:18:06","modified_gmt":"2024-07-20T15:18:06","slug":"didactic-app-advocacy-learning-path","status":"publish","type":"page","link":"https:\/\/c-roads.erasmus.site\/tr\/didactic-app-advocacy-learning-path\/","title":{"rendered":"Didaktik APP &#038; \u0130klim Savunuculu\u011funu \u00d6\u011frenme Yolu"},"content":{"rendered":"<p><strong>C-ROADS projesindeki \u00d6\u011frenme Yolu, bireyleri, e\u011fitimcileri ve kurulu\u015flar\u0131 iklim de\u011fi\u015fikli\u011fi fark\u0131ndal\u0131\u011f\u0131 ve adaletini savunmak i\u00e7in gereken bilgi ve becerilerle donatarak d\u00f6n\u00fc\u015ft\u00fcr\u00fcc\u00fc bir yolculuk sunuyor.<\/strong><\/p>\n<p style=\"text-align: center;\"><strong>C-ROADS platformuna kat\u0131lmak ve de\u011fi\u015fimi etkilemeye ba\u015flamak i\u00e7in a\u015fa\u011f\u0131daki butona t\u0131klay\u0131n<\/strong><\/p>\n<p style=\"text-align: center;\"><a class=\"btn btn-primary\" role=\"button\" href=\"https:\/\/c-roads.erasmus.site\/platform\/home\" target=\"_blank\" rel=\"noopener\">A\u00e7<\/a><\/p>\n<p><strong>Hedef grup<\/strong><\/p>\n<ul>\n<li>Bireyler<\/li>\n<li>Yeti\u015fkin e\u011fitiminde \u00e7al\u0131\u015fan profesyoneller<\/li>\n<li>Yerel ve sivil toplum dernekleri, STK&#8217;lar ve informal ve yayg\u0131n \u00f6\u011frenme alan\u0131nda \u00e7al\u0131\u015fan di\u011fer kurulu\u015flar<\/li>\n<\/ul>\n<p><strong>Yap\u0131 <\/strong><\/p>\n<p>\u00d6zel hedef, yedi farkl\u0131 \u00f6\u011frenme yolu i\u00e7eren bir iklim de\u011fi\u015fikli\u011fi destek uygulamas\u0131 olu\u015fturmakt\u0131r. Bu yollar, bireylerin mevcut iklim de\u011fi\u015fikli\u011fi yetkinliklerini de\u011ferlendirmek ve yerel iklim eylemi ve adaletine kat\u0131l\u0131m d\u00fczeylerini de\u011ferlendirmek gibi ikili bir amaca hizmet etmektedir. Uygulama, bireyleri yerel d\u00fczeyde aktif kat\u0131l\u0131m i\u00e7in motive etmeyi ama\u00e7lamaktad\u0131r.<\/p>\n<p><strong>\u00d6\u011frenme Yolu Konular\u0131<\/strong><\/p>\n<ul>\n<li>\u0130klim de\u011fi\u015fikli\u011fi ve adalet<\/li>\n<li>Kat\u0131l\u0131mc\u0131 beceri geli\u015ftirme ve toplum kat\u0131l\u0131m\u0131<\/li>\n<li>Sosyal ve davran\u0131\u015fsal de\u011fi\u015fim<\/li>\n<li>S\u00fcrd\u00fcr\u00fclebilir ya\u015fam tarzlar\u0131 ve t\u00fcketim al\u0131\u015fkanl\u0131klar\u0131<\/li>\n<li>\u0130nsan sa\u011fl\u0131\u011f\u0131 ve ki\u015fisel g\u00fcvenlik<\/li>\n<li>Kentsel ya\u015fam VS K\u0131rsal ya\u015fam<\/li>\n<li>S\u00fcrd\u00fcr\u00fclebilir turizm<\/li>\n<\/ul>\n<p><\/p>","protected":false},"excerpt":{"rendered":"<p>C-ROADS projesindeki \u00d6\u011frenme Yolu, bireyleri, e\u011fitimcileri ve kurulu\u015flar\u0131 iklim de\u011fi\u015fikli\u011fi fark\u0131ndal\u0131\u011f\u0131 ve adaletini savunmak i\u00e7in gereken bilgi ve becerilerle donatarak d\u00f6n\u00fc\u015ft\u00fcr\u00fcc\u00fc bir yolculuk sunuyor. C-ROADS platformuna kat\u0131lmak ve de\u011fi\u015fimi etkilemeye ba\u015flamak i\u00e7in a\u015fa\u011f\u0131daki butona t\u0131klay\u0131n A\u00e7 Hedef grup Bireyler Yeti\u015fkin e\u011fitiminde \u00e7al\u0131\u015fan profesyoneller Yerel ve sivil toplum dernekleri, STK&#8217;lar ve informal ve yayg\u0131n \u00f6\u011frenme alan\u0131nda&hellip;&nbsp;<a href=\"https:\/\/c-roads.erasmus.site\/tr\/didactic-app-advocacy-learning-path\/\" rel=\"bookmark\">Daha fazlas\u0131n\u0131 oku &raquo;<span class=\"screen-reader-text\">Didaktik APP &#038; \u0130klim Savunuculu\u011funu \u00d6\u011frenme Yolu<\/span><\/a><\/p>\n","protected":false},"author":1,"featured_media":0,"parent":0,"menu_order":0,"comment_status":"closed","ping_status":"closed","template":"","meta":{"neve_meta_sidebar":"","neve_meta_container":"","neve_meta_enable_content_width":"off","neve_meta_content_width":100,"neve_meta_title_alignment":"","neve_meta_author_avatar":"","neve_post_elements_order":"","neve_meta_disable_header":"","neve_meta_disable_footer":"","neve_meta_disable_title":"","footnotes":""},"class_list":["post-116","page","type-page","status-publish","hentry"],"_links":{"self":[{"href":"https:\/\/c-roads.erasmus.site\/tr\/wp-json\/wp\/v2\/pages\/116","targetHints":{"allow":["GET"]}}],"collection":[{"href":"https:\/\/c-roads.erasmus.site\/tr\/wp-json\/wp\/v2\/pages"}],"about":[{"href":"https:\/\/c-roads.erasmus.site\/tr\/wp-json\/wp\/v2\/types\/page"}],"author":[{"embeddable":true,"href":"https:\/\/c-roads.erasmus.site\/tr\/wp-json\/wp\/v2\/users\/1"}],"replies":[{"embeddable":true,"href":"https:\/\/c-roads.erasmus.site\/tr\/wp-json\/wp\/v2\/comments?post=116"}],"version-history":[{"count":9,"href":"https:\/\/c-roads.erasmus.site\/tr\/wp-json\/wp\/v2\/pages\/116\/revisions"}],"predecessor-version":[{"id":256,"href":"https:\/\/c-roads.erasmus.site\/tr\/wp-json\/wp\/v2\/pages\/116\/revisions\/256"}],"wp:attachment":[{"href":"https:\/\/c-roads.erasmus.site\/tr\/wp-json\/wp\/v2\/media?parent=116"}],"curies":[{"name":"wp","href":"https:\/\/api.w.org\/{rel}","templated":true}]}}