{"id":118,"date":"2023-10-13T09:52:46","date_gmt":"2023-10-13T09:52:46","guid":{"rendered":"https:\/\/c-roads.erasmus.site\/?page_id=118"},"modified":"2024-07-20T15:19:09","modified_gmt":"2024-07-20T15:19:09","slug":"didactic-escape-rooms","status":"publish","type":"page","link":"https:\/\/c-roads.erasmus.site\/tr\/didactic-escape-rooms\/","title":{"rendered":"Didaktik Ka\u00e7\u0131\u015f Odalar\u0131"},"content":{"rendered":"<p>Bu ka\u00e7\u0131\u015f odalar\u0131, bireylerin iklim de\u011fi\u015fikli\u011fi ve adaletle ilgili \u00e7e\u015fitli ya\u015fam zorluklar\u0131n\u0131 ele almalar\u0131 i\u00e7in anlaml\u0131 bir ba\u011flam sa\u011flamay\u0131 ama\u00e7lamaktad\u0131r. Bu oyun temelli \u00f6\u011frenme egzersizleri, iklim eylemi konular\u0131na toplum kat\u0131l\u0131m\u0131n\u0131 g\u00fc\u00e7lendirmek amac\u0131yla \u00e7apraz kesi\u015fen bili\u015fsel becerileri (ele\u015ftirel d\u00fc\u015f\u00fcnme, yarat\u0131c\u0131l\u0131k, i\u015fbirli\u011fi, ileti\u015fim) ve ya\u015fam becerilerini (esneklik, liderlik, inisiyatif, \u00fcretkenlik ve sosyal beceriler) de i\u00e7ermektedir. Sanal ka\u00e7\u0131\u015f odalar\u0131, kat\u0131l\u0131mc\u0131lar\u0131n ger\u00e7ek zamanl\u0131 deneyimlere dayal\u0131 olarak kendi bilgilerini olu\u015fturmalar\u0131na ve olumlu davran\u0131\u015f de\u011fi\u015fikli\u011fini peki\u015ftirmelerine olanak tan\u0131r.<\/p>\n<p style=\"text-align: center;\"><a class=\"btn btn-primary\" role=\"button\" href=\"https:\/\/c-roads.erasmus.site\/platform\/der\" target=\"_blank\" rel=\"noopener\">A\u00e7<\/a><\/p>\n<p><\/p>","protected":false},"excerpt":{"rendered":"<p>Bu ka\u00e7\u0131\u015f odalar\u0131, bireylerin iklim de\u011fi\u015fikli\u011fi ve adaletle ilgili \u00e7e\u015fitli ya\u015fam zorluklar\u0131n\u0131 ele almalar\u0131 i\u00e7in anlaml\u0131 bir ba\u011flam sa\u011flamay\u0131 ama\u00e7lamaktad\u0131r. Bu oyun temelli \u00f6\u011frenme egzersizleri, iklim eylemi konular\u0131na toplum kat\u0131l\u0131m\u0131n\u0131 g\u00fc\u00e7lendirmek amac\u0131yla \u00e7apraz kesi\u015fen bili\u015fsel becerileri (ele\u015ftirel d\u00fc\u015f\u00fcnme, yarat\u0131c\u0131l\u0131k, i\u015fbirli\u011fi, ileti\u015fim) ve ya\u015fam becerilerini (esneklik, liderlik, inisiyatif, \u00fcretkenlik ve sosyal beceriler) de i\u00e7ermektedir. Sanal ka\u00e7\u0131\u015f&hellip;&nbsp;<a href=\"https:\/\/c-roads.erasmus.site\/tr\/didactic-escape-rooms\/\" rel=\"bookmark\">Daha fazlas\u0131n\u0131 oku &raquo;<span class=\"screen-reader-text\">Didaktik Ka\u00e7\u0131\u015f Odalar\u0131<\/span><\/a><\/p>\n","protected":false},"author":1,"featured_media":0,"parent":0,"menu_order":0,"comment_status":"closed","ping_status":"closed","template":"","meta":{"neve_meta_sidebar":"","neve_meta_container":"","neve_meta_enable_content_width":"off","neve_meta_content_width":100,"neve_meta_title_alignment":"","neve_meta_author_avatar":"","neve_post_elements_order":"","neve_meta_disable_header":"","neve_meta_disable_footer":"","neve_meta_disable_title":"","footnotes":""},"class_list":["post-118","page","type-page","status-publish","hentry"],"_links":{"self":[{"href":"https:\/\/c-roads.erasmus.site\/tr\/wp-json\/wp\/v2\/pages\/118","targetHints":{"allow":["GET"]}}],"collection":[{"href":"https:\/\/c-roads.erasmus.site\/tr\/wp-json\/wp\/v2\/pages"}],"about":[{"href":"https:\/\/c-roads.erasmus.site\/tr\/wp-json\/wp\/v2\/types\/page"}],"author":[{"embeddable":true,"href":"https:\/\/c-roads.erasmus.site\/tr\/wp-json\/wp\/v2\/users\/1"}],"replies":[{"embeddable":true,"href":"https:\/\/c-roads.erasmus.site\/tr\/wp-json\/wp\/v2\/comments?post=118"}],"version-history":[{"count":7,"href":"https:\/\/c-roads.erasmus.site\/tr\/wp-json\/wp\/v2\/pages\/118\/revisions"}],"predecessor-version":[{"id":258,"href":"https:\/\/c-roads.erasmus.site\/tr\/wp-json\/wp\/v2\/pages\/118\/revisions\/258"}],"wp:attachment":[{"href":"https:\/\/c-roads.erasmus.site\/tr\/wp-json\/wp\/v2\/media?parent=118"}],"curies":[{"name":"wp","href":"https:\/\/api.w.org\/{rel}","templated":true}]}}