{"id":120,"date":"2023-10-13T09:53:10","date_gmt":"2023-10-13T09:53:10","guid":{"rendered":"https:\/\/c-roads.erasmus.site\/?page_id=120"},"modified":"2024-09-13T09:36:42","modified_gmt":"2024-09-13T09:36:42","slug":"thematic-photovoice-hands-on-guide-for-educators","status":"publish","type":"page","link":"https:\/\/c-roads.erasmus.site\/tr\/thematic-photovoice-hands-on-guide-for-educators\/","title":{"rendered":"Tematik Sesli Foto\u011fraf &#038; E\u011fitimciler i\u00e7in Uygulamal\u0131 K\u0131lavuz"},"content":{"rendered":"<p>Sonu\u00e7 olarak payla\u015f\u0131lan b\u00f6l\u00fcmlerin ard\u0131ndan sesli foto\u011fraf metodolojisi hakk\u0131ndaki bilginizi geli\u015ftireceksiniz. Yeti\u015fkin e\u011fitimciler i\u00e7in geli\u015ftirilen bu pratik rehber, yerel d\u00fczeyde iklim de\u011fi\u015fikli\u011fi savunuculu\u011fu konular\u0131n\u0131 daha iyi ele alabilmeleri i\u00e7in bireylerin kat\u0131l\u0131mc\u0131 becerilerini art\u0131rmay\u0131 ama\u00e7lamaktad\u0131r.<\/p>\n<p style=\"text-align: center;\"><a class=\"btn btn-primary\" role=\"button\" href=\"https:\/\/c-roads.erasmus.site\/platform\/photovoice\" target=\"_blank\" rel=\"noopener\">A\u00e7<\/a><\/p>\n<p><\/p>","protected":false},"excerpt":{"rendered":"<p>Sonu\u00e7 olarak payla\u015f\u0131lan b\u00f6l\u00fcmlerin ard\u0131ndan sesli foto\u011fraf metodolojisi hakk\u0131ndaki bilginizi geli\u015ftireceksiniz. Yeti\u015fkin e\u011fitimciler i\u00e7in geli\u015ftirilen bu pratik rehber, yerel d\u00fczeyde iklim de\u011fi\u015fikli\u011fi savunuculu\u011fu konular\u0131n\u0131 daha iyi ele alabilmeleri i\u00e7in bireylerin kat\u0131l\u0131mc\u0131 becerilerini art\u0131rmay\u0131 ama\u00e7lamaktad\u0131r. A\u00e7<\/p>\n","protected":false},"author":1,"featured_media":0,"parent":0,"menu_order":0,"comment_status":"closed","ping_status":"closed","template":"","meta":{"neve_meta_sidebar":"","neve_meta_container":"","neve_meta_enable_content_width":"off","neve_meta_content_width":100,"neve_meta_title_alignment":"","neve_meta_author_avatar":"","neve_post_elements_order":"","neve_meta_disable_header":"","neve_meta_disable_footer":"","neve_meta_disable_title":"","footnotes":""},"class_list":["post-120","page","type-page","status-publish","hentry"],"_links":{"self":[{"href":"https:\/\/c-roads.erasmus.site\/tr\/wp-json\/wp\/v2\/pages\/120","targetHints":{"allow":["GET"]}}],"collection":[{"href":"https:\/\/c-roads.erasmus.site\/tr\/wp-json\/wp\/v2\/pages"}],"about":[{"href":"https:\/\/c-roads.erasmus.site\/tr\/wp-json\/wp\/v2\/types\/page"}],"author":[{"embeddable":true,"href":"https:\/\/c-roads.erasmus.site\/tr\/wp-json\/wp\/v2\/users\/1"}],"replies":[{"embeddable":true,"href":"https:\/\/c-roads.erasmus.site\/tr\/wp-json\/wp\/v2\/comments?post=120"}],"version-history":[{"count":6,"href":"https:\/\/c-roads.erasmus.site\/tr\/wp-json\/wp\/v2\/pages\/120\/revisions"}],"predecessor-version":[{"id":272,"href":"https:\/\/c-roads.erasmus.site\/tr\/wp-json\/wp\/v2\/pages\/120\/revisions\/272"}],"wp:attachment":[{"href":"https:\/\/c-roads.erasmus.site\/tr\/wp-json\/wp\/v2\/media?parent=120"}],"curies":[{"name":"wp","href":"https:\/\/api.w.org\/{rel}","templated":true}]}}